{"id":58,"date":"2014-03-04T19:49:26","date_gmt":"2014-03-04T19:49:26","guid":{"rendered":"https:\/\/themify.me\/demo\/themes\/event-dev\/?page_id=2216"},"modified":"2020-09-13T21:30:16","modified_gmt":"2020-09-13T21:30:16","slug":"events","status":"publish","type":"page","link":"https:\/\/www.mojo-tonic.de\/?page_id=58","title":{"rendered":"Events"},"content":{"rendered":"<!--themify-builder:block--><div id=\"themify_builder_content-58\" data-postid=\"58\" class=\"themify_builder_content themify_builder_content-58 themify_builder\">\n\n    \n\t\t<!-- module_row -->\n\t\t<div  class=\"themify_builder_row module_row clearfix repeat module_row_0 themify_builder_58_row module_row_58-0\" data-id=\"0f7eedf\">\n\t\t\t\t\t\t<div class=\"row_inner col_align_top\" >\n                                    <div  class=\"module_column tb-column col-full first tb_58_column module_column_0 module_column_58-0-0\" data-id=\"ec36b37\" >\n                                                                <div class=\"tb-column-inner\">\n                            \n\n<!-- module text -->\n<div  id=\"text-58-0-0-0\" class=\"module module-text text-58-0-0-0  repeat  \" data-id=\"b16916d\">\n    <!--insert-->\n    \n        <h2 style=\"text-align: center;\">Mojo-Gigs<\/h2>\n<h3 style=\"text-align: center;\">\u00a0<\/h3>\n<div id='event-slider-1' class='loops-wrapper shortcode event slider event-multiple clearfix type-multiple'><div class=\"slideshow-slider-loader\"><div class=\"themify-loader\"><div class=\"themify-loader_1 themify-loader_blockG\"><\/div><div class=\"themify-loader_2 themify-loader_blockG\"><\/div><div class=\"themify-loader_3 themify-loader_blockG\"><\/div><\/div><\/div><div class=\"slideshow-wrap\"><div class=\"slideshow\" data-id=\"event-slider-1\" data-autoplay=\"4000\" data-effect=\"scroll\" data-speed=\"500\" data-wrap=\"yes\" data-slidernav=\"yes\" data-pager=\"yes\">\n\n<article id=\"post-446\" class=\"post clearfix event-post post-446 type-event status-publish has-post-thumbnail hentry event-category-uncategorized has-post-title no-post-date has-post-category has-post-tag has-post-comment no-post-author \">\n\t\n\t\n\t\t\n\t\n\t\n\t\t\n\t\t\n\t\t\t<figure class=\"post-image clearfix\">\n\n\t\t\t\t\t\t\t\t\t<a href=\"https:\/\/www.mojo-tonic.de\/?event=blues-kunst-in-der-schrottgalerie\"><img loading=\"lazy\" decoding=\"async\" src=\"https:\/\/www.mojo-tonic.de\/wp-content\/uploads\/2019\/05\/Peter.gif\" width=\"1280\" height=\"500\" class=\" wp-post-image wp-image-416\" alt=\"Peter\" \/><\/a>\n\t\t\t\t\n\t\t\t<\/figure>\n\n\t\t\n\t\n\t\n\t\n\t<div class=\"post-content\">\n\n\t\t\t\t\t\t\t\t\t <h2 class=\"post-title entry-title\"><a href=\"https:\/\/www.mojo-tonic.de\/?event=blues-kunst-in-der-schrottgalerie\">Blues-Kunst in der Schrottgalerie<\/a> <\/h2>\t\t\t\n\t\t\t<div class=\"event-info-wrap\">\n\n\t\t\t\t\t\t\t\t\t<span class=\"location\">\n\t\t\t\t\t\t<span>Schrottgalerie, Glonn<\/span>\n\t\t\t\t\t<\/span>\n\t\t\t\t\n\t\t\t\t\t\t\t\t\t<p class=\"event-date\">\n                        \t\t\t\t\t\t\t\t\t\t\t\t\t<span class=\"event-start-date\">\n\t                            Oktober 23, 2020 @ 7:30 p.m.                            <\/span>\n\t\t\t\t\t\t\n                    \t\t\t\t\t\t\t\t<span class=\"event-end-date\">\n\t                             &#8211;  @ 11:10 p.m.                            <\/span>\n\t\t\t\t\t\t\t\t\t\t\t<\/p>\n\t\t\t\t\t<!-- \/event-date -->\n\t\t\t\t\n\t\t\t<\/div><!-- \/.event-info -->\n\n\t\t\t<div class=\"event-cta-wrapper\">\n\t\t\t\t\n<!-- .post-share -->\n\n\n\t\t\t\t\t\t\t<\/div>\n\t\t\t<!-- event-cta-wrapper -->\n\n\t\t\n\t\t<div class=\"entry-content\">\n\n\t\t\t\n\t\t\t\n\t\t<\/div><!-- \/.entry-content -->\n\n\t\t\n\t<\/div>\n\t<!-- \/.post-content -->\n\t\n<\/article>\n<!-- \/.post -->\n<\/div><\/div><\/div>        <\/div>\n<!-- \/module text -->\n\n\n<style type=\"text\/css\">.themify_builder .text-58-0-0-1.module-text{background-repeat: repeat; background-position: left top; font-size:18px; }\n.themify_builder .text-58-0-0-1.module-text,.themify_builder .text-58-0-0-1.module-text h1,.themify_builder .text-58-0-0-1.module-text h2,.themify_builder .text-58-0-0-1.module-text h3:not(.module-title),.themify_builder .text-58-0-0-1.module-text h4,.themify_builder .text-58-0-0-1.module-text h5,.themify_builder .text-58-0-0-1.module-text h6{font-family: Old Standard TT; font-weight: 400; color:#6a6b65; }\n<\/style>\n<!-- module text -->\n<div  id=\"text-58-0-0-1\" class=\"module module-text text-58-0-0-1  repeat  wow bounceInLeft \" data-id=\"ce35f88\">\n    <!--insert-->\n    \n        <h2 style=\"text-align: center;\">Vergangene Konzerte<\/h2>\n<p style=\"text-align: center;\">7. August 2020 &#8211; Schongauer Brauhaus, Schongau<\/p>\n<p style=\"text-align: center;\">7. M\u00e4rz 2020 &#8211; Hide Out, M\u00fcnchen<\/p>\n<p style=\"text-align: center;\">16. Februar 2020 &#8211; Alte Utting, M\u00fcnchen<\/p>\n<p style=\"text-align: center;\">14. Februar 2020 &#8211; Graf Ladislaus, Haag<\/p>\n<p style=\"text-align: center;\">24. Januar 2020 &#8211; Artesano, Ebersberg<\/p>\n<p style=\"text-align: center;\">9. November 2019 &#8211; Via del Gusto, Landshut<\/p>\n<p style=\"text-align: center;\">19. Oktober 2019 &#8211; Grammophon, Kolbermoor<\/p>\n<p style=\"text-align: center;\">8. Oktober 2019 &#8211; Reesegarden, Augsburg<\/p>\n<p style=\"text-align: center;\">11. Juli 2019 &#8211; Magdalenenkirche, Moosach<\/p>        <\/div>\n<!-- \/module text -->\n\n                        <\/div>\n                    \t\t<\/div>\n\t\t                                <\/div>\n                                <!-- \/row_inner -->\n                        <\/div>\n                        <!-- \/module_row -->\n\t\t<\/div>\n","protected":false},"excerpt":{"rendered":"<p>Mojo-Gigs \u00a0 Vergangene Konzerte 7. August 2020 &#8211; Schongauer Brauhaus, Schongau 7. M\u00e4rz 2020 &#8211; Hide Out, M\u00fcnchen 16. Februar 2020 &#8211; Alte Utting, M\u00fcnchen 14. Februar 2020 &#8211; Graf Ladislaus, Haag 24. Januar 2020 &#8211; Artesano, Ebersberg 9. November 2019 &#8211; Via del Gusto, Landshut 19. Oktober 2019 &#8211; Grammophon, Kolbermoor 8. Oktober 2019 [&hellip;]<\/p>\n","protected":false},"author":1,"featured_media":0,"parent":0,"menu_order":3,"comment_status":"closed","ping_status":"closed","template":"","meta":{"footnotes":""},"class_list":["post-58","page","type-page","status-publish","hentry","has-post-title","has-post-date","has-post-category","has-post-tag","has-post-comment","has-post-author",""],"builder_content":"<h2 style=\"text-align: center;\">Mojo-Gigs<\/h2> <h3 style=\"text-align: center;\">\u00a0<\/h3> <p>[themify_event_posts limit=\"5\" style=\"slider\" visible=\"1\"]<\/p> \n <h2 style=\"text-align: center;\">Vergangene Konzerte<\/h2> <p style=\"text-align: center;\">7. August 2020 - Schongauer Brauhaus, Schongau<\/p> <p style=\"text-align: center;\">7. M\u00e4rz 2020 - Hide Out, M\u00fcnchen<\/p> <p style=\"text-align: center;\">16. Februar 2020 - Alte Utting, M\u00fcnchen<\/p> <p style=\"text-align: center;\">14. Februar 2020 - Graf Ladislaus, Haag<\/p> <p style=\"text-align: center;\">24. Januar 2020 - Artesano, Ebersberg<\/p> <p style=\"text-align: center;\">9. November 2019 - Via del Gusto, Landshut<\/p> <p style=\"text-align: center;\">19. Oktober 2019 - Grammophon, Kolbermoor<\/p> <p style=\"text-align: center;\">8. Oktober 2019 - Reesegarden, Augsburg<\/p> <p style=\"text-align: center;\">11. Juli 2019 - Magdalenenkirche, Moosach<\/p>","_links":{"self":[{"href":"https:\/\/www.mojo-tonic.de\/index.php?rest_route=\/wp\/v2\/pages\/58","targetHints":{"allow":["GET"]}}],"collection":[{"href":"https:\/\/www.mojo-tonic.de\/index.php?rest_route=\/wp\/v2\/pages"}],"about":[{"href":"https:\/\/www.mojo-tonic.de\/index.php?rest_route=\/wp\/v2\/types\/page"}],"author":[{"embeddable":true,"href":"https:\/\/www.mojo-tonic.de\/index.php?rest_route=\/wp\/v2\/users\/1"}],"replies":[{"embeddable":true,"href":"https:\/\/www.mojo-tonic.de\/index.php?rest_route=%2Fwp%2Fv2%2Fcomments&post=58"}],"version-history":[{"count":19,"href":"https:\/\/www.mojo-tonic.de\/index.php?rest_route=\/wp\/v2\/pages\/58\/revisions"}],"predecessor-version":[{"id":447,"href":"https:\/\/www.mojo-tonic.de\/index.php?rest_route=\/wp\/v2\/pages\/58\/revisions\/447"}],"wp:attachment":[{"href":"https:\/\/www.mojo-tonic.de\/index.php?rest_route=%2Fwp%2Fv2%2Fmedia&parent=58"}],"curies":[{"name":"wp","href":"https:\/\/api.w.org\/{rel}","templated":true}]}}